{"id":809,"date":"2019-07-08T19:05:29","date_gmt":"2019-07-08T19:05:29","guid":{"rendered":"https:\/\/www.stanhurr.co.uk\/?page_id=809"},"modified":"2025-01-02T17:06:37","modified_gmt":"2025-01-02T17:06:37","slug":"faqs","status":"publish","type":"page","link":"https:\/\/www.stanhurr.co.uk\/fr\/faqs\/","title":{"rendered":"FAQ"},"content":{"rendered":"<div data-elementor-type=\"wp-post\" data-elementor-id=\"809\" class=\"elementor elementor-809\" data-elementor-post-type=\"page\">\n\t\t\t\t\t\t<section class=\"elementor-section elementor-top-section elementor-element elementor-element-7c277cc8 elementor-section-boxed elementor-section-height-default elementor-section-height-default\" data-id=\"7c277cc8\" data-element_type=\"section\" data-settings=\"{&quot;background_background&quot;:&quot;classic&quot;}\">\n\t\t\t\t\t\t<div class=\"elementor-container elementor-column-gap-default\">\n\t\t\t\t\t<div class=\"elementor-column elementor-col-100 elementor-top-column elementor-element elementor-element-5678ed2e\" data-id=\"5678ed2e\" data-element_type=\"column\">\n\t\t\t<div class=\"elementor-widget-wrap elementor-element-populated\">\n\t\t\t\t\t\t<section class=\"elementor-section elementor-inner-section elementor-element elementor-element-60963eb3 elementor-section-boxed elementor-section-height-default elementor-section-height-default\" data-id=\"60963eb3\" data-element_type=\"section\">\n\t\t\t\t\t\t<div class=\"elementor-container elementor-column-gap-default\">\n\t\t\t\t\t<div class=\"elementor-column elementor-col-100 elementor-inner-column elementor-element elementor-element-3fac95f2\" data-id=\"3fac95f2\" data-element_type=\"column\">\n\t\t\t<div class=\"elementor-widget-wrap elementor-element-populated\">\n\t\t\t\t\t\t<div class=\"elementor-element elementor-element-3ae6e278 elementor-widget elementor-widget-heading\" data-id=\"3ae6e278\" data-element_type=\"widget\" data-widget_type=\"heading.default\">\n\t\t\t\t<div class=\"elementor-widget-container\">\n\t\t\t\t\t<h1 class=\"elementor-heading-title elementor-size-default\">QUESTIONS FR\u00c9QUEMMENT POS\u00c9ES<\/h1>\t\t\t\t<\/div>\n\t\t\t\t<\/div>\n\t\t\t\t<div class=\"elementor-element elementor-element-e1d7fa0 elementor-widget elementor-widget-text-editor\" data-id=\"e1d7fa0\" data-element_type=\"widget\" data-widget_type=\"text-editor.default\">\n\t\t\t\t<div class=\"elementor-widget-container\">\n\t\t\t\t\t\t\t\t\tQuestions souvent pos\u00e9es par les clients. Cependant, si votre requ\u00eate ne trouve pas de r\u00e9ponse ici, envoyez votre requ\u00eate \u00e0 Stan et il se fera un plaisir de r\u00e9pondre \u00e0 toutes vos questions - voir <a href=\"https:\/\/www.stanhurr.co.uk\/fr\/contact\/\">page de contact<\/a>.\t\t\t\t\t\t\t\t<\/div>\n\t\t\t\t<\/div>\n\t\t\t\t\t<\/div>\n\t\t<\/div>\n\t\t\t\t\t<\/div>\n\t\t<\/section>\n\t\t\t\t\t<\/div>\n\t\t<\/div>\n\t\t\t\t\t<\/div>\n\t\t<\/section>\n\t\t\t\t<section class=\"elementor-section elementor-top-section elementor-element elementor-element-057cb89 elementor-section-boxed elementor-section-height-default elementor-section-height-default\" data-id=\"057cb89\" data-element_type=\"section\" id=\"faqs-page\" data-settings=\"{&quot;background_background&quot;:&quot;classic&quot;}\">\n\t\t\t\t\t\t<div class=\"elementor-container elementor-column-gap-default\">\n\t\t\t\t\t<div class=\"elementor-column elementor-col-100 elementor-top-column elementor-element elementor-element-28c8e00\" data-id=\"28c8e00\" data-element_type=\"column\">\n\t\t\t<div class=\"elementor-widget-wrap elementor-element-populated\">\n\t\t\t\t\t\t<div class=\"elementor-element elementor-element-27bf8e6c dom-faqs elementor-widget elementor-widget-text-editor\" data-id=\"27bf8e6c\" data-element_type=\"widget\" data-widget_type=\"text-editor.default\">\n\t\t\t\t<div class=\"elementor-widget-container\">\n\t\t\t\t\t\t\t\t\t<h3>Combien de temps faut-il pour r\u00e9aliser le portrait ?<\/h3><p style=\"color: black; opacity: 1;\">Les portraits prennent g\u00e9n\u00e9ralement 2 semaines \u00e0 livrer, mais si le portrait est n\u00e9cessaire rapidement, il peut \u00eatre prioris\u00e9. Les travaux peuvent \u00eatre r\u00e9alis\u00e9s en peu de temps, par exemple en quelques jours pour les pastels de couleur ou les portraits au fusain. Les portraits \u00e0 l&#039;huile ont besoin de temps pour s\u00e9cher, ce qui peut prendre jusqu&#039;\u00e0 4 semaines suppl\u00e9mentaires.<\/p><h3 style=\"font-family: Montserrat, sans-serif; font-style: normal;\">Peut-on faire des portraits \u00e0 partir de photos ?<\/h3><p>Oui. 75% du temps de Stan est consacr\u00e9 \u00e0 dessiner \u00e0 partir de photos. Il peut travailler \u00e0 partir de toutes sortes de photos quelle que soit la condition. L&#039;une des parties pr\u00e9f\u00e9r\u00e9es de Stan dans son travail consiste \u00e0 unir les familles dans un seul portrait composite, m\u00eame lorsque certaines des photos sont tr\u00e8s anciennes et floues.<br \/>Vous pouvez envoyer vos photos par e-mail, SMS ou Whatsapp.<\/p><h3>Un portrait peut-il \u00eatre r\u00e9alis\u00e9 \u00e0 partir de photos s\u00e9par\u00e9es ?<\/h3><p>Oui. N&#039;importe quel nombre de personnes peut \u00eatre rassembl\u00e9 \u00e0 partir de photos s\u00e9par\u00e9es.<br \/>Stan travaille pour l&#039;arm\u00e9e qui peut contenir jusqu&#039;\u00e0 50 soldats dans un grand dessin.<\/p><h3>Combien de temps durera la peinture\/le dessin ?<\/h3><p>Tous les mat\u00e9riaux d&#039;art utilis\u00e9s par Stan sont de la meilleure qualit\u00e9 d&#039;archivage disponible. Le papier utilis\u00e9 pour les pastels et les portraits au fusain est sans acide. Stan pulv\u00e9rise des pastels et des fusains avec un fixateur pour r\u00e9duire le risque qu&#039;ils se salissent au toucher. Le dessin ou la peinture fini conservera sa fra\u00eecheur pendant des g\u00e9n\u00e9rations et ne se d\u00e9colorera pas. Vous pouvez \u00eatre assur\u00e9 que les enfants de vos enfants se battront pour savoir qui en est le propri\u00e9taire\u00a0!<\/p><h3>Pouvez-vous mettre plus d&#039;une personne sur un portrait\u00a0?<\/h3><p>Oui. Stan peut faire un composite de jusqu&#039;\u00e0 n&#039;importe quel nombre de personnes ou d&#039;animaux domestiques. 2,3,4 ou 5 personnes ensemble est commun. Il r\u00e9alise r\u00e9guli\u00e8rement des caricatures en grand groupe pour des r\u00e9giments de l&#039;arm\u00e9e de 40 officiers ou plus !<br \/>Bien s\u00fbr, cela signifie que des photos s\u00e9par\u00e9es peuvent \u00eatre combin\u00e9es en un seul portrait de groupe.<\/p><h3>Quelle sera la taille du portrait\u00a0?<\/h3><p>Si le portrait doit \u00eatre celui d&#039;une seule personne, la meilleure taille serait de 16 \u00d7 12 pouces (A3), qui est une taille standard et facile \u00e0 trouver des cadres pr\u00eats \u00e0 l&#039;emploi. Pour 2 \u00e0 6 personnes, la meilleure taille serait de 20 \u00d7 16 pouces (A2). Si un portrait est n\u00e9cessaire pour une taille particuli\u00e8re, Stan fera de son mieux pour travailler \u00e0 la taille demand\u00e9e (contactez-le pour arranger cela). Pour une figure compl\u00e8te au moins 24 \u00d7 30 pouces (A1).<\/p><h3>Puis-je b\u00e9n\u00e9ficier d&#039;une remise si je commande plus d&#039;un portrait ?<\/h3><p>Le co\u00fbt du travail de Stan est bas\u00e9 sur le temps qu&#039;il faut pour le terminer; acc\u00e9l\u00e9rer le processus compromettrait la qualit\u00e9 de son travail.<\/p><p>Les frais de port sont r\u00e9duits si vous achetez plusieurs \u0153uvres d&#039;art en une seule commande\u00a0: les portraits et les caricatures peuvent \u00eatre envoy\u00e9s ensemble, les peintures \u00e0 l&#039;huile peuvent \u00eatre envoy\u00e9es ensemble et les cartes de v\u0153ux peuvent \u00e9galement \u00eatre envoy\u00e9es ensemble.<\/p><h3>Comment je paye?<\/h3><p>Vous pouvez payer en ligne via ce site Web (voir la page Prix et commande), o\u00f9 vous pouvez payer par carte de d\u00e9bit, carte de cr\u00e9dit ou virement bancaire. Nous pensons que vous le trouverez facile \u00e0 utiliser.<\/p><p>Si vous pr\u00e9f\u00e9rez un autre mode de paiement, veuillez contacter Stan et il trouvera certainement un moyen de vous accommoder.<\/p><h3>Et si je ne l&#039;aime pas ?<\/h3><p>Stan est un artiste tr\u00e8s exp\u00e9riment\u00e9, et aime faire plaisir \u00e0 ses clients. Les plaintes sont tr\u00e8s rares. Si, toutefois, une plainte est authentique, Stan fera de son mieux pour rectifier le probl\u00e8me ou refaire le portrait. Au cas o\u00f9 cela ne r\u00e9soudrait pas le probl\u00e8me, Stan pourra rembourser l&#039;\u0153uvre si elle lui est renvoy\u00e9e.<\/p><h3>Pouvez-vous m&#039;envoyer une photo du portrait avant de me l&#039;envoyer ?<\/h3><p>Malgr\u00e9 la commodit\u00e9 apparente que cela apporterait, cela s&#039;av\u00e8re ne pas \u00eatre une bonne id\u00e9e car une photographie de l&#039;\u0153uvre d&#039;art la repr\u00e9sente tr\u00e8s rarement avec pr\u00e9cision.<\/p>\t\t\t\t\t\t\t\t<\/div>\n\t\t\t\t<\/div>\n\t\t\t\t\t<\/div>\n\t\t<\/div>\n\t\t\t\t\t<\/div>\n\t\t<\/section>\n\t\t\t\t<section class=\"elementor-section elementor-top-section elementor-element elementor-element-d2185b3 elementor-section-boxed elementor-section-height-default elementor-section-height-default\" data-id=\"d2185b3\" data-element_type=\"section\">\n\t\t\t\t\t\t<div class=\"elementor-container elementor-column-gap-default\">\n\t\t\t\t\t<div class=\"elementor-column elementor-col-100 elementor-top-column elementor-element elementor-element-65716e8\" data-id=\"65716e8\" data-element_type=\"column\">\n\t\t\t<div class=\"elementor-widget-wrap elementor-element-populated\">\n\t\t\t\t\t\t<div class=\"elementor-element elementor-element-3a66a71 elementor-widget elementor-widget-heading\" data-id=\"3a66a71\" data-element_type=\"widget\" data-widget_type=\"heading.default\">\n\t\t\t\t<div class=\"elementor-widget-container\">\n\t\t\t\t\t<h2 class=\"elementor-heading-title elementor-size-default\">Votre question n&#039;a pas de r\u00e9ponse ici ?<\/h2>\t\t\t\t<\/div>\n\t\t\t\t<\/div>\n\t\t\t\t<div class=\"elementor-element elementor-element-44c1295 elementor-align-center dom-link-button elementor-widget elementor-widget-button\" data-id=\"44c1295\" data-element_type=\"widget\" data-widget_type=\"button.default\">\n\t\t\t\t<div class=\"elementor-widget-container\">\n\t\t\t\t\t\t\t\t\t<div class=\"elementor-button-wrapper\">\n\t\t\t\t\t<a class=\"elementor-button elementor-button-link elementor-size-sm\" href=\"#\">\n\t\t\t\t\t\t<span class=\"elementor-button-content-wrapper\">\n\t\t\t\t\t\t<span class=\"elementor-button-icon\">\n\t\t\t\t\t\t\t\t\t<i class=\"fa fa-arrow-right\" aria-hidden=\"true\"><\/i>\n\t\t\t\t\t\t\t<\/span>\n\t\t\t\t\t\t\t\t\t<span class=\"elementor-button-text\">Contacter Stan<\/span>\n\t\t\t\t\t<\/span>\n\t\t\t\t\t<\/a>\n\t\t\t\t<\/div>\n\t\t\t\t\t\t\t\t<\/div>\n\t\t\t\t<\/div>\n\t\t\t\t\t<\/div>\n\t\t<\/div>\n\t\t\t\t\t<\/div>\n\t\t<\/section>\n\t\t\t\t<\/div>","protected":false},"excerpt":{"rendered":"<p>FOIRE AUX QUESTIONS\u00a0: Questions fr\u00e9quemment pos\u00e9es par nos clients. Si votre question ne trouve pas de r\u00e9ponse ici, envoyez-la \u00e0 Stan\u00a0; il se fera un plaisir de r\u00e9pondre \u00e0 vos questions\u00a0\u2013 voir la page de contact. Combien de temps faut-il pour r\u00e9aliser un portrait\u00a0? La livraison d&#039;un portrait prend g\u00e9n\u00e9ralement deux semaines, mais si\u2026 <a title=\"FAQ\" class=\"read-more\" href=\"https:\/\/www.stanhurr.co.uk\/fr\/faqs\/\">En savoir plus<\/a><\/p>","protected":false},"author":1,"featured_media":0,"parent":0,"menu_order":0,"comment_status":"closed","ping_status":"closed","template":"","meta":{"_seopress_robots_primary_cat":"","_seopress_titles_title":"Frequently Asked Questions | Stan Hurr Portrait Artist","_seopress_titles_desc":"Our frequently asked questions page for the Stan Hurr portraits website. Contact us if you have a question not answered here. ","_seopress_robots_index":"","footnotes":""},"class_list":["post-809","page","type-page","status-publish"],"_links":{"self":[{"href":"https:\/\/www.stanhurr.co.uk\/fr\/wp-json\/wp\/v2\/pages\/809","targetHints":{"allow":["GET"]}}],"collection":[{"href":"https:\/\/www.stanhurr.co.uk\/fr\/wp-json\/wp\/v2\/pages"}],"about":[{"href":"https:\/\/www.stanhurr.co.uk\/fr\/wp-json\/wp\/v2\/types\/page"}],"author":[{"embeddable":true,"href":"https:\/\/www.stanhurr.co.uk\/fr\/wp-json\/wp\/v2\/users\/1"}],"replies":[{"embeddable":true,"href":"https:\/\/www.stanhurr.co.uk\/fr\/wp-json\/wp\/v2\/comments?post=809"}],"version-history":[{"count":12,"href":"https:\/\/www.stanhurr.co.uk\/fr\/wp-json\/wp\/v2\/pages\/809\/revisions"}],"predecessor-version":[{"id":1909,"href":"https:\/\/www.stanhurr.co.uk\/fr\/wp-json\/wp\/v2\/pages\/809\/revisions\/1909"}],"wp:attachment":[{"href":"https:\/\/www.stanhurr.co.uk\/fr\/wp-json\/wp\/v2\/media?parent=809"}],"curies":[{"name":"wp","href":"https:\/\/api.w.org\/{rel}","templated":true}]}}