{"id":3580,"date":"2020-03-18T12:32:10","date_gmt":"2020-03-18T12:32:10","guid":{"rendered":"https:\/\/www.stanhurr.co.uk\/?page_id=3580"},"modified":"2025-01-02T17:06:36","modified_gmt":"2025-01-02T17:06:36","slug":"blog","status":"publish","type":"page","link":"https:\/\/www.stanhurr.co.uk\/fr\/blog\/","title":{"rendered":"Blog"},"content":{"rendered":"<div data-elementor-type=\"wp-page\" data-elementor-id=\"3580\" class=\"elementor elementor-3580\" data-elementor-post-type=\"page\">\n\t\t\t\t\t\t<section class=\"elementor-section elementor-top-section elementor-element elementor-element-0369199 elementor-section-boxed elementor-section-height-default elementor-section-height-default\" data-id=\"0369199\" data-element_type=\"section\">\n\t\t\t\t\t\t<div class=\"elementor-container elementor-column-gap-default\">\n\t\t\t\t\t<div class=\"elementor-column elementor-col-100 elementor-top-column elementor-element elementor-element-a1b4d07\" data-id=\"a1b4d07\" data-element_type=\"column\">\n\t\t\t<div class=\"elementor-widget-wrap elementor-element-populated\">\n\t\t\t\t\t\t<div class=\"elementor-element elementor-element-7be150d elementor-widget elementor-widget-heading\" data-id=\"7be150d\" data-element_type=\"widget\" data-widget_type=\"heading.default\">\n\t\t\t\t<div class=\"elementor-widget-container\">\n\t\t\t\t\t<h1 class=\"elementor-heading-title elementor-size-default\">BLOG<\/h1>\t\t\t\t<\/div>\n\t\t\t\t<\/div>\n\t\t\t\t<div class=\"elementor-element elementor-element-00f31f4 elementor-grid-3 elementor-grid-tablet-2 elementor-grid-mobile-1 elementor-posts--thumbnail-top elementor-card-shadow-yes elementor-posts__hover-gradient elementor-widget elementor-widget-posts\" data-id=\"00f31f4\" data-element_type=\"widget\" data-settings=\"{&quot;pagination_type&quot;:&quot;numbers_and_prev_next&quot;,&quot;cards_columns&quot;:&quot;3&quot;,&quot;cards_columns_tablet&quot;:&quot;2&quot;,&quot;cards_columns_mobile&quot;:&quot;1&quot;,&quot;cards_row_gap&quot;:{&quot;unit&quot;:&quot;px&quot;,&quot;size&quot;:35,&quot;sizes&quot;:[]},&quot;cards_row_gap_tablet&quot;:{&quot;unit&quot;:&quot;px&quot;,&quot;size&quot;:&quot;&quot;,&quot;sizes&quot;:[]},&quot;cards_row_gap_mobile&quot;:{&quot;unit&quot;:&quot;px&quot;,&quot;size&quot;:&quot;&quot;,&quot;sizes&quot;:[]}}\" data-widget_type=\"posts.cards\">\n\t\t\t\t<div class=\"elementor-widget-container\">\n\t\t\t\t\t\t\t<div class=\"elementor-posts-container elementor-posts elementor-posts--skin-cards elementor-grid\">\n\t\t\t\t<article class=\"elementor-post elementor-grid-item post-4875 post type-post status-publish format-standard hentry category-uncategorized\">\n\t\t\t<div class=\"elementor-post__card\">\n\t\t\t\t<div class=\"elementor-post__text\">\n\t\t\t\t<h3 class=\"elementor-post__title\">\n\t\t\t<a href=\"https:\/\/www.stanhurr.co.uk\/fr\/blog\/the-best-drawing-tip\/\" >\n\t\t\t\tLe meilleur conseil de dessin\u00a0!\t\t\t<\/a>\n\t\t<\/h3>\n\t\t\t\t<div class=\"elementor-post__excerpt\">\n\t\t\t<p>Comment dessiner ce que l&#039;on voit. Les espaces entre un objet. Un excellent Youtube Tedtalk de Ralph Ammer vaut la peine d&#039;\u00eatre regard\u00e9 pour la fa\u00e7on dont il d\u00e9crit le dessin. dessin de ralph ammer Juste apr\u00e8s l&#039;avoir regard\u00e9, je suis all\u00e9 dans le jardin arri\u00e8re pour faire un exercice qu&#039;il m&#039;a sugg\u00e9r\u00e9, quand j&#039;ai dessin\u00e9 les feuilles et<\/p>\n\t\t<\/div>\n\t\t\n\t\t<a class=\"elementor-post__read-more\" href=\"https:\/\/www.stanhurr.co.uk\/fr\/blog\/the-best-drawing-tip\/\" aria-label=\"En savoir plus sur le meilleur conseil de dessin\u00a0!\" tabindex=\"-1\" >\n\t\t\tEn savoir plus &quot;\t\t<\/a>\n\n\t\t\t\t<\/div>\n\t\t\t\t<div class=\"elementor-post__meta-data\">\n\t\t\t\t\t<span class=\"elementor-post-date\">\n\t\t\t24 avril 2020\t\t<\/span>\n\t\t\t\t<span class=\"elementor-post-avatar\">\n\t\t\tSans commentaires\t\t<\/span>\n\t\t\t\t<\/div>\n\t\t\t\t\t<\/div>\n\t\t<\/article>\n\t\t\t\t<article class=\"elementor-post elementor-grid-item post-4474 post type-post status-publish format-standard hentry category-uncategorized\">\n\t\t\t<div class=\"elementor-post__card\">\n\t\t\t\t<div class=\"elementor-post__text\">\n\t\t\t\t<h3 class=\"elementor-post__title\">\n\t\t\t<a href=\"https:\/\/www.stanhurr.co.uk\/fr\/blog\/great-idea-for-the-lockdown\/\" >\n\t\t\t\tBonne id\u00e9e pour le confinement.\t\t\t<\/a>\n\t\t<\/h3>\n\t\t\t\t<div class=\"elementor-post__excerpt\">\n\t\t\t<p>Sortez dans la nature avec le smartphone et prenez des gros plans de fleurs ou de plantes. Mettez-les sur votre ordinateur et zoomez pour dessiner\/peindre de petites images A4 ou A5. Vous pouvez utiliser de l&#039;acrylique (les couleurs vives sont parfaites pour les fleurs comme les myosotis), de l&#039;aquarelle, des huiles, des pastels, des crayons de couleur ou tout simplement des crayons graphite.<\/p>\n\t\t<\/div>\n\t\t\n\t\t<a class=\"elementor-post__read-more\" href=\"https:\/\/www.stanhurr.co.uk\/fr\/blog\/great-idea-for-the-lockdown\/\" aria-label=\"En savoir plus sur Excellente id\u00e9e pour le confinement.\" tabindex=\"-1\" >\n\t\t\tEn savoir plus &quot;\t\t<\/a>\n\n\t\t\t\t<\/div>\n\t\t\t\t<div class=\"elementor-post__meta-data\">\n\t\t\t\t\t<span class=\"elementor-post-date\">\n\t\t\t14 avril 2020\t\t<\/span>\n\t\t\t\t<span class=\"elementor-post-avatar\">\n\t\t\tSans commentaires\t\t<\/span>\n\t\t\t\t<\/div>\n\t\t\t\t\t<\/div>\n\t\t<\/article>\n\t\t\t\t<article class=\"elementor-post elementor-grid-item post-4350 post type-post status-publish format-standard hentry category-uncategorized\">\n\t\t\t<div class=\"elementor-post__card\">\n\t\t\t\t<div class=\"elementor-post__text\">\n\t\t\t\t<h3 class=\"elementor-post__title\">\n\t\t\t<a href=\"https:\/\/www.stanhurr.co.uk\/fr\/blog\/drawing-direct-from-nature\/\" >\n\t\t\t\tTirer directement de la nature\t\t\t<\/a>\n\t\t<\/h3>\n\t\t\t\t<div class=\"elementor-post__excerpt\">\n\t\t\t<p>Se rapprocher de la nature, des plantes et des fleurs peut \u00eatre une r\u00e9v\u00e9lation. Les plantes que nous tenons pour acquises semblent tr\u00e8s diff\u00e9rentes lorsqu&#039;elles sont dessin\u00e9es avec un examen intense et concentr\u00e9 de la forme et des d\u00e9tails. Le printemps est le moment id\u00e9al pour cela, esquissez des bourgeons de glycine un mois puis un autre croquis un mois plus tard r\u00e9v\u00e8le la transformation (voir ci-dessus).<\/p>\n\t\t<\/div>\n\t\t\n\t\t<a class=\"elementor-post__read-more\" href=\"https:\/\/www.stanhurr.co.uk\/fr\/blog\/drawing-direct-from-nature\/\" aria-label=\"En savoir plus sur Dessiner directement d&#039;apr\u00e8s nature\" tabindex=\"-1\" >\n\t\t\tEn savoir plus &quot;\t\t<\/a>\n\n\t\t\t\t<\/div>\n\t\t\t\t<div class=\"elementor-post__meta-data\">\n\t\t\t\t\t<span class=\"elementor-post-date\">\n\t\t\t31 mars 2020\t\t<\/span>\n\t\t\t\t<span class=\"elementor-post-avatar\">\n\t\t\tSans commentaires\t\t<\/span>\n\t\t\t\t<\/div>\n\t\t\t\t\t<\/div>\n\t\t<\/article>\n\t\t\t\t<article class=\"elementor-post elementor-grid-item post-4342 post type-post status-publish format-standard hentry category-uncategorized\">\n\t\t\t<div class=\"elementor-post__card\">\n\t\t\t\t<div class=\"elementor-post__text\">\n\t\t\t\t<h3 class=\"elementor-post__title\">\n\t\t\t<a href=\"https:\/\/www.stanhurr.co.uk\/fr\/blog\/how-yin-yang-helps-the-portrait-artist\/\" >\n\t\t\t\tComment le Yin &amp; Yang aide le portraitiste\t\t\t<\/a>\n\t\t<\/h3>\n\t\t\t\t<div class=\"elementor-post__excerpt\">\n\t\t\t<p>J&#039;utilise le concept de yin\/yang positif\/n\u00e9gatif dans CHAQUE dessin que je fais ! C&#039;est une fa\u00e7on de penser et de voir qui rend possible le dessin de formes compliqu\u00e9es. Ce fut une r\u00e9v\u00e9lation pour moi, il y a de nombreuses ann\u00e9es, lorsque je l&#039;ai d\u00e9couvert pour la premi\u00e8re fois dans l&#039;excellent \u2013 Drawing on the right side of the brain de Betty Edwards. le<\/p>\n\t\t<\/div>\n\t\t\n\t\t<a class=\"elementor-post__read-more\" href=\"https:\/\/www.stanhurr.co.uk\/fr\/blog\/how-yin-yang-helps-the-portrait-artist\/\" aria-label=\"En savoir plus sur Comment le Yin et le Yang aident le portraitiste\" tabindex=\"-1\" >\n\t\t\tEn savoir plus &quot;\t\t<\/a>\n\n\t\t\t\t<\/div>\n\t\t\t\t<div class=\"elementor-post__meta-data\">\n\t\t\t\t\t<span class=\"elementor-post-date\">\n\t\t\t30 mars 2020\t\t<\/span>\n\t\t\t\t<span class=\"elementor-post-avatar\">\n\t\t\tSans commentaires\t\t<\/span>\n\t\t\t\t<\/div>\n\t\t\t\t\t<\/div>\n\t\t<\/article>\n\t\t\t\t<article class=\"elementor-post elementor-grid-item post-4060 post type-post status-publish format-standard has-post-thumbnail hentry category-uncategorized\">\n\t\t\t<div class=\"elementor-post__card\">\n\t\t\t\t<a class=\"elementor-post__thumbnail__link\" href=\"https:\/\/www.stanhurr.co.uk\/fr\/blog\/mort-drucker\/\" tabindex=\"-1\" ><div class=\"elementor-post__thumbnail\"><img fetchpriority=\"high\" decoding=\"async\" width=\"262\" height=\"300\" src=\"https:\/\/www.stanhurr.co.uk\/wp-content\/uploads\/2020\/03\/drucker-hands-1-Copy-262x300.jpg\" class=\"attachment-medium size-medium wp-image-4065\" alt=\"\" srcset=\"https:\/\/www.stanhurr.co.uk\/wp-content\/uploads\/2020\/03\/drucker-hands-1-Copy-262x300.jpg 262w, https:\/\/www.stanhurr.co.uk\/wp-content\/uploads\/2020\/03\/drucker-hands-1-Copy-768x879.jpg 768w, https:\/\/www.stanhurr.co.uk\/wp-content\/uploads\/2020\/03\/drucker-hands-1-Copy.jpg 800w\" sizes=\"(max-width: 262px) 100vw, 262px\" \/><\/div><\/a>\n\t\t\t\t<div class=\"elementor-post__text\">\n\t\t\t\t<h3 class=\"elementor-post__title\">\n\t\t\t<a href=\"https:\/\/www.stanhurr.co.uk\/fr\/blog\/mort-drucker\/\" >\n\t\t\t\tMort Drucker\t\t\t<\/a>\n\t\t<\/h3>\n\t\t\t\t<div class=\"elementor-post__excerpt\">\n\t\t\t<p>J&#039;ai toujours admir\u00e9 la fa\u00e7on dont Mort Drucker dessine les mains, personne ne les dessine avec autant de soin et de mani\u00e8re aussi convaincante. Il est vrai que les yeux du spectateur regardent d&#039;abord les t\u00eates et les mains, nous devons donc les faire correctement. Ils sont aussi difficiles \u00e0 bien dessiner \u2013 sinon plus \u2013 que les t\u00eates.<\/p>\n\t\t<\/div>\n\t\t\n\t\t<a class=\"elementor-post__read-more\" href=\"https:\/\/www.stanhurr.co.uk\/fr\/blog\/mort-drucker\/\" aria-label=\"En savoir plus sur Mort Drucker\" tabindex=\"-1\" >\n\t\t\tEn savoir plus &quot;\t\t<\/a>\n\n\t\t\t\t<\/div>\n\t\t\t\t<div class=\"elementor-post__meta-data\">\n\t\t\t\t\t<span class=\"elementor-post-date\">\n\t\t\t24 mars 2020\t\t<\/span>\n\t\t\t\t<span class=\"elementor-post-avatar\">\n\t\t\tSans commentaires\t\t<\/span>\n\t\t\t\t<\/div>\n\t\t\t\t\t<\/div>\n\t\t<\/article>\n\t\t\t\t<article class=\"elementor-post elementor-grid-item post-3668 post type-post status-publish format-standard has-post-thumbnail hentry category-uncategorized\">\n\t\t\t<div class=\"elementor-post__card\">\n\t\t\t\t<a class=\"elementor-post__thumbnail__link\" href=\"https:\/\/www.stanhurr.co.uk\/fr\/blog\/progress-of-a-group-caricature\/\" tabindex=\"-1\" ><div class=\"elementor-post__thumbnail\"><img decoding=\"async\" width=\"202\" height=\"300\" src=\"https:\/\/www.stanhurr.co.uk\/wp-content\/uploads\/2019\/09\/20190702_171420-2B-25281-2529-202x300.jpg\" class=\"attachment-medium size-medium wp-image-3740\" alt=\"\" srcset=\"https:\/\/www.stanhurr.co.uk\/wp-content\/uploads\/2019\/09\/20190702_171420-2B-25281-2529-202x300.jpg 202w, https:\/\/www.stanhurr.co.uk\/wp-content\/uploads\/2019\/09\/20190702_171420-2B-25281-2529.jpg 689w\" sizes=\"(max-width: 202px) 100vw, 202px\" \/><\/div><\/a>\n\t\t\t\t<div class=\"elementor-post__text\">\n\t\t\t\t<h3 class=\"elementor-post__title\">\n\t\t\t<a href=\"https:\/\/www.stanhurr.co.uk\/fr\/blog\/progress-of-a-group-caricature\/\" >\n\t\t\t\tD\u00e9roulement d&#039;une caricature de groupe\t\t\t<\/a>\n\t\t<\/h3>\n\t\t\t\t<div class=\"elementor-post__excerpt\">\n\t\t\t\t\t<\/div>\n\t\t\n\t\t<a class=\"elementor-post__read-more\" href=\"https:\/\/www.stanhurr.co.uk\/fr\/blog\/progress-of-a-group-caricature\/\" aria-label=\"En savoir plus sur Progression d&#039;une caricature de groupe\" tabindex=\"-1\" >\n\t\t\tEn savoir plus &quot;\t\t<\/a>\n\n\t\t\t\t<\/div>\n\t\t\t\t<div class=\"elementor-post__meta-data\">\n\t\t\t\t\t<span class=\"elementor-post-date\">\n\t\t\t20 septembre 2019\t\t<\/span>\n\t\t\t\t<span class=\"elementor-post-avatar\">\n\t\t\tSans commentaires\t\t<\/span>\n\t\t\t\t<\/div>\n\t\t\t\t\t<\/div>\n\t\t<\/article>\n\t\t\t\t<\/div>\n\t\t\n\t\t\t\t<div class=\"e-load-more-anchor\" data-page=\"1\" data-max-page=\"13\" data-next-page=\"https:\/\/www.stanhurr.co.uk\/fr\/wp-json\/wp\/v2\/pages\/3580\/page\/2\/\"><\/div>\n\t\t\t\t<nav class=\"elementor-pagination\" aria-label=\"Pagination\">\n\t\t\t<span class=\"page-numbers prev\">&quot; Pr\u00e9c\u00e9dent<\/span>\n<span aria-current=\"page\" class=\"page-numbers current\"><span class=\"elementor-screen-only\">Page<\/span>1<\/span>\n<a class=\"page-numbers\" href=\"https:\/\/www.stanhurr.co.uk\/fr\/wp-json\/wp\/v2\/pages\/3580\/page\/2\/\"><span class=\"elementor-screen-only\">Page<\/span>2<\/a>\n<a class=\"page-numbers\" href=\"https:\/\/www.stanhurr.co.uk\/fr\/wp-json\/wp\/v2\/pages\/3580\/page\/3\/\"><span class=\"elementor-screen-only\">Page<\/span>3<\/a>\n<a class=\"page-numbers\" href=\"https:\/\/www.stanhurr.co.uk\/fr\/wp-json\/wp\/v2\/pages\/3580\/page\/4\/\"><span class=\"elementor-screen-only\">Page<\/span>4<\/a>\n<a class=\"page-numbers\" href=\"https:\/\/www.stanhurr.co.uk\/fr\/wp-json\/wp\/v2\/pages\/3580\/page\/5\/\"><span class=\"elementor-screen-only\">Page<\/span>5<\/a>\n<a class=\"page-numbers next\" href=\"https:\/\/www.stanhurr.co.uk\/fr\/wp-json\/wp\/v2\/pages\/3580\/page\/2\/\">Suivant &quot;<\/a>\t\t<\/nav>\n\t\t\t\t\t\t<\/div>\n\t\t\t\t<\/div>\n\t\t\t\t\t<\/div>\n\t\t<\/div>\n\t\t\t\t\t<\/div>\n\t\t<\/section>\n\t\t\t\t<\/div>","protected":false},"excerpt":{"rendered":"<p>BLOG<\/p>","protected":false},"author":1,"featured_media":0,"parent":0,"menu_order":0,"comment_status":"closed","ping_status":"closed","template":"","meta":{"_seopress_robots_primary_cat":"","_seopress_titles_title":"","_seopress_titles_desc":"","_seopress_robots_index":"","footnotes":""},"class_list":["post-3580","page","type-page","status-publish","hentry"],"_links":{"self":[{"href":"https:\/\/www.stanhurr.co.uk\/fr\/wp-json\/wp\/v2\/pages\/3580","targetHints":{"allow":["GET"]}}],"collection":[{"href":"https:\/\/www.stanhurr.co.uk\/fr\/wp-json\/wp\/v2\/pages"}],"about":[{"href":"https:\/\/www.stanhurr.co.uk\/fr\/wp-json\/wp\/v2\/types\/page"}],"author":[{"embeddable":true,"href":"https:\/\/www.stanhurr.co.uk\/fr\/wp-json\/wp\/v2\/users\/1"}],"replies":[{"embeddable":true,"href":"https:\/\/www.stanhurr.co.uk\/fr\/wp-json\/wp\/v2\/comments?post=3580"}],"version-history":[{"count":5,"href":"https:\/\/www.stanhurr.co.uk\/fr\/wp-json\/wp\/v2\/pages\/3580\/revisions"}],"predecessor-version":[{"id":3883,"href":"https:\/\/www.stanhurr.co.uk\/fr\/wp-json\/wp\/v2\/pages\/3580\/revisions\/3883"}],"wp:attachment":[{"href":"https:\/\/www.stanhurr.co.uk\/fr\/wp-json\/wp\/v2\/media?parent=3580"}],"curies":[{"name":"wp","href":"https:\/\/api.w.org\/{rel}","templated":true}]}}