{"id":223,"date":"2019-05-28T09:26:25","date_gmt":"2019-05-28T09:26:25","guid":{"rendered":"https:\/\/www.stanhurr.co.uk\/?page_id=223"},"modified":"2025-01-02T17:06:37","modified_gmt":"2025-01-02T17:06:37","slug":"event-list","status":"publish","type":"page","link":"https:\/\/www.stanhurr.co.uk\/fr\/event-list\/","title":{"rendered":"Liste des \u00e9v\u00e9nements"},"content":{"rendered":"<div data-elementor-type=\"wp-post\" data-elementor-id=\"223\" class=\"elementor elementor-223\" data-elementor-post-type=\"page\">\n\t\t\t\t\t\t<section class=\"elementor-section elementor-top-section elementor-element elementor-element-4444eb6 elementor-section-boxed elementor-section-height-default elementor-section-height-default\" data-id=\"4444eb6\" data-element_type=\"section\" data-settings=\"{&quot;background_background&quot;:&quot;classic&quot;}\">\n\t\t\t\t\t\t<div class=\"elementor-container elementor-column-gap-default\">\n\t\t\t\t\t<div class=\"elementor-column elementor-col-100 elementor-top-column elementor-element elementor-element-7c172c93\" data-id=\"7c172c93\" data-element_type=\"column\">\n\t\t\t<div class=\"elementor-widget-wrap elementor-element-populated\">\n\t\t\t\t\t\t<section class=\"elementor-section elementor-inner-section elementor-element elementor-element-188df112 elementor-section-boxed elementor-section-height-default elementor-section-height-default\" data-id=\"188df112\" data-element_type=\"section\">\n\t\t\t\t\t\t<div class=\"elementor-container elementor-column-gap-default\">\n\t\t\t\t\t<div class=\"elementor-column elementor-col-100 elementor-inner-column elementor-element elementor-element-2146c38c\" data-id=\"2146c38c\" data-element_type=\"column\">\n\t\t\t<div class=\"elementor-widget-wrap elementor-element-populated\">\n\t\t\t\t\t\t<div class=\"elementor-element elementor-element-9027f38 elementor-widget elementor-widget-heading\" data-id=\"9027f38\" data-element_type=\"widget\" data-widget_type=\"heading.default\">\n\t\t\t\t<div class=\"elementor-widget-container\">\n\t\t\t\t\t<h1 class=\"elementor-heading-title elementor-size-default\">LISTE DES \u00c9V\u00c9NEMENTS<\/h1>\t\t\t\t<\/div>\n\t\t\t\t<\/div>\n\t\t\t\t<div class=\"elementor-element elementor-element-470afd24 elementor-drop-cap-yes elementor-drop-cap-view-default elementor-widget elementor-widget-text-editor\" data-id=\"470afd24\" data-element_type=\"widget\" data-settings=\"{&quot;drop_cap&quot;:&quot;yes&quot;}\" data-widget_type=\"text-editor.default\">\n\t\t\t\t<div class=\"elementor-widget-container\">\n\t\t\t\t\t\t\t\t\t<p>Stan se rend r\u00e9guli\u00e8rement dans diff\u00e9rents endroits du Royaume-Uni pour dessiner ses c\u00e9l\u00e8bres portraits et caricatures sur place, avec des membres du public assis pour lui. Voici une liste de ses prochaines apparitions en direct.<\/p>\t\t\t\t\t\t\t\t<\/div>\n\t\t\t\t<\/div>\n\t\t\t\t\t<\/div>\n\t\t<\/div>\n\t\t\t\t\t<\/div>\n\t\t<\/section>\n\t\t\t\t\t<\/div>\n\t\t<\/div>\n\t\t\t\t\t<\/div>\n\t\t<\/section>\n\t\t\t\t<section class=\"elementor-section elementor-top-section elementor-element elementor-element-37c22551 dom-light-bg elementor-section-boxed elementor-section-height-default elementor-section-height-default\" data-id=\"37c22551\" data-element_type=\"section\" data-settings=\"{&quot;background_background&quot;:&quot;classic&quot;,&quot;shape_divider_top&quot;:&quot;arrow&quot;}\">\n\t\t\t\t\t<div class=\"elementor-shape elementor-shape-top\" data-negative=\"false\">\n\t\t\t<svg xmlns=\"http:\/\/www.w3.org\/2000\/svg\" viewbox=\"0 0 700 10\" preserveaspectratio=\"none\">\n\t<path class=\"elementor-shape-fill\" d=\"M350,10L340,0h20L350,10z\"\/>\n<\/svg>\t\t<\/div>\n\t\t\t\t\t<div class=\"elementor-container elementor-column-gap-default\">\n\t\t\t\t\t<div class=\"elementor-column elementor-col-100 elementor-top-column elementor-element elementor-element-5d3d9071\" data-id=\"5d3d9071\" data-element_type=\"column\">\n\t\t\t<div class=\"elementor-widget-wrap elementor-element-populated\">\n\t\t\t\t\t\t<div class=\"elementor-element elementor-element-62f3f107 elementor-widget elementor-widget-spacer\" data-id=\"62f3f107\" data-element_type=\"widget\" data-widget_type=\"spacer.default\">\n\t\t\t\t<div class=\"elementor-widget-container\">\n\t\t\t\t\t\t\t<div class=\"elementor-spacer\">\n\t\t\t<div class=\"elementor-spacer-inner\"><\/div>\n\t\t<\/div>\n\t\t\t\t\t\t<\/div>\n\t\t\t\t<\/div>\n\t\t\t\t<div class=\"elementor-element elementor-element-a59ae3b elementor-widget elementor-widget-shortcode\" data-id=\"a59ae3b\" data-element_type=\"widget\" data-widget_type=\"shortcode.default\">\n\t\t\t\t<div class=\"elementor-widget-container\">\n\t\t\t\t\t\t\t<div class=\"elementor-shortcode\">\n\t\t\t\t<div class=\"event-list\">\n\t\t\t\t<style type=\"text\/css\">\n\t\t\t\t\t.filterbar { display:table; width:100% }\n\t\t\t\t\t.filterbar > div { display:table-cell }\n\t\t\t\t<\/style>\n\t\t\t\t<!--[if lte IE 7]>\n\t\t\t\t<style>.filterbar > div { float:left }<\/style>\n\t\t\t\t<![endif]-->\n\t\t\t\t<div class=\"filterbar subsubsub\">\n\t\t\t\t\t<div style=\"text-align:left\"><ul class=\"hlist\"><li><a href=\"https:\/\/www.stanhurr.co.uk\/fr\/event-list\/?date1=all\">Tous<\/a><\/li><li><strong>Un venir<\/strong><\/li><li><a href=\"https:\/\/www.stanhurr.co.uk\/fr\/event-list\/?date1=2019\">2019<\/a><\/li><li><a href=\"https:\/\/www.stanhurr.co.uk\/fr\/event-list\/?date1=2020\">2020<\/a><\/li><li><a href=\"https:\/\/www.stanhurr.co.uk\/fr\/event-list\/?date1=2021\">2021<\/a><\/li><li><a href=\"https:\/\/www.stanhurr.co.uk\/fr\/event-list\/?date1=2022\">2022<\/a><\/li><\/ul>\n\t\t\t\t\t<\/div><\/div><p>Aucun \u00e9v\u00e9nement \u00e0 venir<\/p>\n\t\t\t\t<\/div><\/div>\n\t\t\t\t\t\t<\/div>\n\t\t\t\t<\/div>\n\t\t\t\t\t<\/div>\n\t\t<\/div>\n\t\t\t\t\t<\/div>\n\t\t<\/section>\n\t\t\t\t<\/div>","protected":false},"excerpt":{"rendered":"<p>Stan se rend r\u00e9guli\u00e8rement au Royaume-Uni pour dessiner ses c\u00e9l\u00e8bres portraits et caricatures sur place, avec le public posant pour lui. Voici la liste de ses prochaines apparitions en direct.<\/p>","protected":false},"author":1,"featured_media":0,"parent":0,"menu_order":0,"comment_status":"closed","ping_status":"closed","template":"","meta":{"_seopress_robots_primary_cat":"","_seopress_titles_title":"","_seopress_titles_desc":"","_seopress_robots_index":"","footnotes":""},"class_list":["post-223","page","type-page","status-publish"],"_links":{"self":[{"href":"https:\/\/www.stanhurr.co.uk\/fr\/wp-json\/wp\/v2\/pages\/223","targetHints":{"allow":["GET"]}}],"collection":[{"href":"https:\/\/www.stanhurr.co.uk\/fr\/wp-json\/wp\/v2\/pages"}],"about":[{"href":"https:\/\/www.stanhurr.co.uk\/fr\/wp-json\/wp\/v2\/types\/page"}],"author":[{"embeddable":true,"href":"https:\/\/www.stanhurr.co.uk\/fr\/wp-json\/wp\/v2\/users\/1"}],"replies":[{"embeddable":true,"href":"https:\/\/www.stanhurr.co.uk\/fr\/wp-json\/wp\/v2\/comments?post=223"}],"version-history":[{"count":3,"href":"https:\/\/www.stanhurr.co.uk\/fr\/wp-json\/wp\/v2\/pages\/223\/revisions"}],"predecessor-version":[{"id":918,"href":"https:\/\/www.stanhurr.co.uk\/fr\/wp-json\/wp\/v2\/pages\/223\/revisions\/918"}],"wp:attachment":[{"href":"https:\/\/www.stanhurr.co.uk\/fr\/wp-json\/wp\/v2\/media?parent=223"}],"curies":[{"name":"wp","href":"https:\/\/api.w.org\/{rel}","templated":true}]}}