{"id":221,"date":"2019-05-28T09:26:17","date_gmt":"2019-05-28T09:26:17","guid":{"rendered":"https:\/\/www.stanhurr.co.uk\/?page_id=221"},"modified":"2025-01-02T17:06:36","modified_gmt":"2025-01-02T17:06:36","slug":"about","status":"publish","type":"page","link":"https:\/\/www.stanhurr.co.uk\/fr\/about\/","title":{"rendered":"\u00c0 propos"},"content":{"rendered":"<div data-elementor-type=\"wp-post\" data-elementor-id=\"221\" class=\"elementor elementor-221\" data-elementor-post-type=\"page\">\n\t\t\t\t\t\t<section class=\"elementor-section elementor-top-section elementor-element elementor-element-715e72ce elementor-section-boxed elementor-section-height-default elementor-section-height-default\" data-id=\"715e72ce\" data-element_type=\"section\" data-settings=\"{&quot;background_background&quot;:&quot;classic&quot;}\">\n\t\t\t\t\t\t<div class=\"elementor-container elementor-column-gap-default\">\n\t\t\t\t\t<div class=\"elementor-column elementor-col-100 elementor-top-column elementor-element elementor-element-7b5cfde4\" data-id=\"7b5cfde4\" data-element_type=\"column\">\n\t\t\t<div class=\"elementor-widget-wrap elementor-element-populated\">\n\t\t\t\t\t\t<section class=\"elementor-section elementor-inner-section elementor-element elementor-element-334931f6 elementor-section-boxed elementor-section-height-default elementor-section-height-default\" data-id=\"334931f6\" data-element_type=\"section\">\n\t\t\t\t\t\t<div class=\"elementor-container elementor-column-gap-default\">\n\t\t\t\t\t<div class=\"elementor-column elementor-col-100 elementor-inner-column elementor-element elementor-element-4d8366dd\" data-id=\"4d8366dd\" data-element_type=\"column\">\n\t\t\t<div class=\"elementor-widget-wrap elementor-element-populated\">\n\t\t\t\t\t\t<div class=\"elementor-element elementor-element-27c7d5b6 elementor-widget elementor-widget-heading\" data-id=\"27c7d5b6\" data-element_type=\"widget\" data-widget_type=\"heading.default\">\n\t\t\t\t<div class=\"elementor-widget-container\">\n\t\t\t\t\t<h1 class=\"elementor-heading-title elementor-size-default\">\u00c0 PROPOS<\/h1>\t\t\t\t<\/div>\n\t\t\t\t<\/div>\n\t\t\t\t<div class=\"elementor-element elementor-element-83d74e0 elementor-widget elementor-widget-image\" data-id=\"83d74e0\" data-element_type=\"widget\" data-widget_type=\"image.default\">\n\t\t\t\t<div class=\"elementor-widget-container\">\n\t\t\t\t\t\t\t\t\t\t\t\t\t\t\t<img fetchpriority=\"high\" decoding=\"async\" width=\"800\" height=\"537\" src=\"https:\/\/www.stanhurr.co.uk\/wp-content\/uploads\/2019\/07\/stan.jpg\" class=\"attachment-large size-large wp-image-907\" alt=\"Stan Hurr drawing live portraits and caricatures\" srcset=\"https:\/\/www.stanhurr.co.uk\/wp-content\/uploads\/2019\/07\/stan.jpg 800w, https:\/\/www.stanhurr.co.uk\/wp-content\/uploads\/2019\/07\/stan-300x201.jpg 300w, https:\/\/www.stanhurr.co.uk\/wp-content\/uploads\/2019\/07\/stan-768x516.jpg 768w\" sizes=\"(max-width: 800px) 100vw, 800px\" \/>\t\t\t\t\t\t\t\t\t\t\t\t\t\t\t<\/div>\n\t\t\t\t<\/div>\n\t\t\t\t<div class=\"elementor-element elementor-element-6c63aebb elementor-drop-cap-yes elementor-drop-cap-view-default elementor-widget elementor-widget-text-editor\" data-id=\"6c63aebb\" data-element_type=\"widget\" data-settings=\"{&quot;drop_cap&quot;:&quot;yes&quot;}\" data-widget_type=\"text-editor.default\">\n\t\t\t\t<div class=\"elementor-widget-container\">\n\t\t\t\t\t\t\t\t\t<p class=\"p1\">Stan est un artiste professionnel depuis 1980. Il a de l&#039;exp\u00e9rience dans l&#039;illustration de magazines, les peintures murales, la peinture figurative et la peinture de paysage; \u00e0 l&#039;huile, \u00e0 l&#039;aquarelle, \u00e0 l&#039;acrylique, au pastel et au fusain ; combin\u00e9 \u00e0 des performances en direct en tant que caricaturiste lors de r\u00e9ceptions et \u00e0 des milliers de portraits dessin\u00e9s au fil des ans.<\/p><p class=\"p1\">Il est autodidacte : son travail figuratif doit beaucoup aux impressionnistes, notamment Monet, Sisley et Degas ; et ses portraits \u00e0 John Singer Sargent. N\u00e9 en 1953 \u00e0 Londres, en Angleterre, Stan a depuis v\u00e9cu et travaill\u00e9 en Australie, en Nouvelle-Z\u00e9lande, en Espagne, en France et un an au Mexique ! Il a une femme fran\u00e7aise et 3 gar\u00e7ons bilingues.<\/p>\t\t\t\t\t\t\t\t<\/div>\n\t\t\t\t<\/div>\n\t\t\t\t\t<\/div>\n\t\t<\/div>\n\t\t\t\t\t<\/div>\n\t\t<\/section>\n\t\t\t\t\t<\/div>\n\t\t<\/div>\n\t\t\t\t\t<\/div>\n\t\t<\/section>\n\t\t\t\t<section class=\"elementor-section elementor-top-section elementor-element elementor-element-4023141a dom-light-bg elementor-section-boxed elementor-section-height-default elementor-section-height-default\" data-id=\"4023141a\" data-element_type=\"section\" data-settings=\"{&quot;background_background&quot;:&quot;classic&quot;}\">\n\t\t\t\t\t\t<div class=\"elementor-container elementor-column-gap-default\">\n\t\t\t\t\t<div class=\"elementor-column elementor-col-100 elementor-top-column elementor-element elementor-element-1c9351b1\" data-id=\"1c9351b1\" data-element_type=\"column\">\n\t\t\t<div class=\"elementor-widget-wrap elementor-element-populated\">\n\t\t\t\t\t\t<div class=\"elementor-element elementor-element-67cc3f3a elementor-widget elementor-widget-text-editor\" data-id=\"67cc3f3a\" data-element_type=\"widget\" data-widget_type=\"text-editor.default\">\n\t\t\t\t<div class=\"elementor-widget-container\">\n\t\t\t\t\t\t\t\t\t<h2><strong>Faites vous aussi dessiner votre portrait ou votre caricature en direct !<\/strong><\/h2>\t\t\t\t\t\t\t\t<\/div>\n\t\t\t\t<\/div>\n\t\t\t\t<div class=\"elementor-element elementor-element-65c5563 elementor-widget elementor-widget-text-editor\" data-id=\"65c5563\" data-element_type=\"widget\" data-widget_type=\"text-editor.default\">\n\t\t\t\t<div class=\"elementor-widget-container\">\n\t\t\t\t\t\t\t\t\t<p>Stan se rend r\u00e9guli\u00e8rement dans les centres commerciaux pour attirer les membres du public,<br \/>jetez un \u0153il \u00e0 la liste des \u00e9v\u00e9nements pour voir o\u00f9 il sera ensuite\u2026<\/p>\t\t\t\t\t\t\t\t<\/div>\n\t\t\t\t<\/div>\n\t\t\t\t<div class=\"elementor-element elementor-element-11001f37 elementor-align-center elementor-invisible elementor-widget elementor-widget-button\" data-id=\"11001f37\" data-element_type=\"widget\" data-settings=\"{&quot;_animation&quot;:&quot;bounceIn&quot;}\" data-widget_type=\"button.default\">\n\t\t\t\t<div class=\"elementor-widget-container\">\n\t\t\t\t\t\t\t\t\t<div class=\"elementor-button-wrapper\">\n\t\t\t\t\t<a class=\"elementor-button elementor-button-link elementor-size-lg\" href=\"https:\/\/www.stanhurr.co.uk\/fr\/event-list\/\">\n\t\t\t\t\t\t<span class=\"elementor-button-content-wrapper\">\n\t\t\t\t\t\t<span class=\"elementor-button-icon\">\n\t\t\t\t\t\t\t\t\t<i class=\"fa fa-arrow-right\" aria-hidden=\"true\"><\/i>\n\t\t\t\t\t\t\t<\/span>\n\t\t\t\t\t\t\t\t\t<span class=\"elementor-button-text\">Liste des \u00e9v\u00e9nements<\/span>\n\t\t\t\t\t<\/span>\n\t\t\t\t\t<\/a>\n\t\t\t\t<\/div>\n\t\t\t\t\t\t\t\t<\/div>\n\t\t\t\t<\/div>\n\t\t\t\t\t<\/div>\n\t\t<\/div>\n\t\t\t\t\t<\/div>\n\t\t<\/section>\n\t\t\t\t<\/div>","protected":false},"excerpt":{"rendered":"<p>\u00c0 PROPOS Stan est un artiste professionnel depuis 1980. Il a de l&#039;exp\u00e9rience dans l&#039;illustration de magazines, les peintures murales, la peinture figurative et paysag\u00e8re, dans les huiles, l&#039;aquarelle, l&#039;acrylique, les pastels et le fusain, ainsi que dans les performances en direct en tant que caricaturiste lors de fonctions et dans des milliers de portraits dessin\u00e9s au fil des ans. Il est autodidacte : son travail figuratif doit beaucoup \u00e0 \u2026 <a title=\"\u00c0 propos\" class=\"read-more\" href=\"https:\/\/www.stanhurr.co.uk\/fr\/about\/\">En savoir plus<\/a><\/p>","protected":false},"author":1,"featured_media":0,"parent":0,"menu_order":0,"comment_status":"closed","ping_status":"closed","template":"","meta":{"_seopress_robots_primary_cat":"","_seopress_titles_title":"About Me | UK Portrait Artist | Stan Hurr Portraits","_seopress_titles_desc":"Stan has been a professional artist since 1980. Now living in Northampton, Stan paints family portraits, pet portraits, caricatures and other subjects. ","_seopress_robots_index":"","footnotes":""},"class_list":["post-221","page","type-page","status-publish"],"_links":{"self":[{"href":"https:\/\/www.stanhurr.co.uk\/fr\/wp-json\/wp\/v2\/pages\/221","targetHints":{"allow":["GET"]}}],"collection":[{"href":"https:\/\/www.stanhurr.co.uk\/fr\/wp-json\/wp\/v2\/pages"}],"about":[{"href":"https:\/\/www.stanhurr.co.uk\/fr\/wp-json\/wp\/v2\/types\/page"}],"author":[{"embeddable":true,"href":"https:\/\/www.stanhurr.co.uk\/fr\/wp-json\/wp\/v2\/users\/1"}],"replies":[{"embeddable":true,"href":"https:\/\/www.stanhurr.co.uk\/fr\/wp-json\/wp\/v2\/comments?post=221"}],"version-history":[{"count":10,"href":"https:\/\/www.stanhurr.co.uk\/fr\/wp-json\/wp\/v2\/pages\/221\/revisions"}],"predecessor-version":[{"id":1907,"href":"https:\/\/www.stanhurr.co.uk\/fr\/wp-json\/wp\/v2\/pages\/221\/revisions\/1907"}],"wp:attachment":[{"href":"https:\/\/www.stanhurr.co.uk\/fr\/wp-json\/wp\/v2\/media?parent=221"}],"curies":[{"name":"wp","href":"https:\/\/api.w.org\/{rel}","templated":true}]}}