{"id":219,"date":"2019-05-28T09:26:08","date_gmt":"2019-05-28T09:26:08","guid":{"rendered":"https:\/\/www.stanhurr.co.uk\/?page_id=219"},"modified":"2025-01-02T17:06:37","modified_gmt":"2025-01-02T17:06:37","slug":"contact","status":"publish","type":"page","link":"https:\/\/www.stanhurr.co.uk\/fr\/contact\/","title":{"rendered":"Contact"},"content":{"rendered":"<div data-elementor-type=\"wp-post\" data-elementor-id=\"219\" class=\"elementor elementor-219\" data-elementor-post-type=\"page\">\n\t\t\t\t\t\t<section class=\"elementor-section elementor-top-section elementor-element elementor-element-f39f011 elementor-section-boxed elementor-section-height-default elementor-section-height-default\" data-id=\"f39f011\" data-element_type=\"section\">\n\t\t\t\t\t\t<div class=\"elementor-container elementor-column-gap-default\">\n\t\t\t\t\t<div class=\"elementor-column elementor-col-50 elementor-top-column elementor-element elementor-element-8711d87\" data-id=\"8711d87\" data-element_type=\"column\">\n\t\t\t<div class=\"elementor-widget-wrap\">\n\t\t\t\t\t\t\t<\/div>\n\t\t<\/div>\n\t\t\t\t<div class=\"elementor-column elementor-col-50 elementor-top-column elementor-element elementor-element-fdedf11\" data-id=\"fdedf11\" data-element_type=\"column\">\n\t\t\t<div class=\"elementor-widget-wrap\">\n\t\t\t\t\t\t\t<\/div>\n\t\t<\/div>\n\t\t\t\t\t<\/div>\n\t\t<\/section>\n\t\t\t\t<section class=\"elementor-section elementor-top-section elementor-element elementor-element-2266d8c elementor-section-boxed elementor-section-height-default elementor-section-height-default\" data-id=\"2266d8c\" data-element_type=\"section\">\n\t\t\t\t\t\t<div class=\"elementor-container elementor-column-gap-default\">\n\t\t\t\t\t<div class=\"elementor-column elementor-col-100 elementor-top-column elementor-element elementor-element-4b171b0\" data-id=\"4b171b0\" data-element_type=\"column\">\n\t\t\t<div class=\"elementor-widget-wrap elementor-element-populated\">\n\t\t\t\t\t\t<div class=\"elementor-element elementor-element-5eeeef2 elementor-widget elementor-widget-heading\" data-id=\"5eeeef2\" data-element_type=\"widget\" data-widget_type=\"heading.default\">\n\t\t\t\t<div class=\"elementor-widget-container\">\n\t\t\t\t\t<h2 class=\"elementor-heading-title elementor-size-default\">T\u00e9l\u00e9phone et WhatsApp<\/h2>\t\t\t\t<\/div>\n\t\t\t\t<\/div>\n\t\t\t\t<div class=\"elementor-element elementor-element-84dfb92 elementor-widget elementor-widget-text-editor\" data-id=\"84dfb92\" data-element_type=\"widget\" data-widget_type=\"text-editor.default\">\n\t\t\t\t<div class=\"elementor-widget-container\">\n\t\t\t\t\t\t\t\t\t<strong style=\"font-size: 120%;\"><img decoding=\"async\" class=\"emoji\" draggable=\"false\" src=\"https:\/\/s.w.org\/images\/core\/emoji\/12.0.0-1\/svg\/260e.svg\" alt=\"\u260e\ufe0f\" \/>\u00a0<a href=\"tel:07776257628\">07776 257628<\/a><\/strong>\t\t\t\t\t\t\t\t<\/div>\n\t\t\t\t<\/div>\n\t\t\t\t<div class=\"elementor-element elementor-element-b51e06d elementor-widget elementor-widget-heading\" data-id=\"b51e06d\" data-element_type=\"widget\" data-widget_type=\"heading.default\">\n\t\t\t\t<div class=\"elementor-widget-container\">\n\t\t\t\t\t<h2 class=\"elementor-heading-title elementor-size-default\">E-mail<\/h2>\t\t\t\t<\/div>\n\t\t\t\t<\/div>\n\t\t\t\t<div class=\"elementor-element elementor-element-f6f2518 elementor-widget elementor-widget-text-editor\" data-id=\"f6f2518\" data-element_type=\"widget\" data-widget_type=\"text-editor.default\">\n\t\t\t\t<div class=\"elementor-widget-container\">\n\t\t\t\t\t\t\t\t\t\u2709\ufe0f <a href=\"mailto:stanhurr@gmail.com\"><strong style=\"font-size: 120%;\">stanhurr@gmail.com<\/strong><\/a>\t\t\t\t\t\t\t\t<\/div>\n\t\t\t\t<\/div>\n\t\t\t\t<div class=\"elementor-element elementor-element-f2781b9 elementor-widget elementor-widget-text-editor\" data-id=\"f2781b9\" data-element_type=\"widget\" data-widget_type=\"text-editor.default\">\n\t\t\t\t<div class=\"elementor-widget-container\">\n\t\t\t\t\t\t\t\t\t<span style=\"color: rgba(255, 255, 255, 0.501960784313726); font-size: 15px;\">Veuillez noter que nous n&#039;envoyons pas d&#039;aper\u00e7us de photos en cours ou termin\u00e9es.<\/span>\t\t\t\t\t\t\t\t<\/div>\n\t\t\t\t<\/div>\n\t\t\t\t\t<\/div>\n\t\t<\/div>\n\t\t\t\t\t<\/div>\n\t\t<\/section>\n\t\t\t\t<section class=\"elementor-section elementor-top-section elementor-element elementor-element-bab4fa1 elementor-section-boxed elementor-section-height-default elementor-section-height-default\" data-id=\"bab4fa1\" data-element_type=\"section\">\n\t\t\t\t\t\t<div class=\"elementor-container elementor-column-gap-default\">\n\t\t\t\t\t<div class=\"elementor-column elementor-col-100 elementor-top-column elementor-element elementor-element-013947a\" data-id=\"013947a\" data-element_type=\"column\">\n\t\t\t<div class=\"elementor-widget-wrap elementor-element-populated\">\n\t\t\t\t\t\t<div class=\"elementor-element elementor-element-78c9c98 elementor-widget elementor-widget-heading\" data-id=\"78c9c98\" data-element_type=\"widget\" data-widget_type=\"heading.default\">\n\t\t\t\t<div class=\"elementor-widget-container\">\n\t\t\t\t\t<h2 class=\"elementor-heading-title elementor-size-default\">Envoi de photos<\/h2>\t\t\t\t<\/div>\n\t\t\t\t<\/div>\n\t\t\t\t<div class=\"elementor-element elementor-element-abcafad elementor-widget elementor-widget-text-editor\" data-id=\"abcafad\" data-element_type=\"widget\" data-widget_type=\"text-editor.default\">\n\t\t\t\t<div class=\"elementor-widget-container\">\n\t\t\t\t\t\t\t\t\t<p>Avant d&#039;envoyer vos photos, utilisez le <a href=\"https:\/\/www.stanhurr.co.uk\/fr\/prices-order\/#price-calculator\">bon de commande<\/a> pour envoyer votre commande et votre paiement. Envoyez ensuite vos photos en utilisant l&#039;une des m\u00e9thodes de contact ci-dessus. R\u00e9f\u00e9rencez le <b>nom<\/b> et <b>e-mail<\/b> utilis\u00e9 lors de la commande pour s&#039;assurer que les photos correspondent \u00e0 la bonne commission.<\/p><p><strong><span style=\"text-decoration: underline;\">Consignes photographiques\u00a0:<\/span><\/strong> <br \/>\u2013 Vos photos doivent montrer les yeux du sujet, se concentrer sur le visage et s&#039;assurer que l&#039;\u00e9clairage rend les traits du visage clairs en prenant la photo pendant la journ\u00e9e, avec une bonne lumi\u00e8re. <br \/>\u2013 Le sujet ne doit pas \u00eatre pris de face ou de profil, mais entre les deux, la lumi\u00e8re provenant d&#039;un c\u00f4t\u00e9 si possible.\u00a0<br \/>\u2013 \u00c9vitez la distorsion de l&#039;objectif en vous tenant trop pr\u00e8s du sujet. Vous pouvez vous \u00e9loigner du sujet et zoomer pour r\u00e9duire cela, mais attention, sur certains appareils photo de smartphone, cela peut r\u00e9duire la qualit\u00e9 de l&#039;image.<br \/>\u2013 Veuillez envoyer les images de la plus haute qualit\u00e9 dont vous disposez (pixels et dpi \u00e9lev\u00e9s, &lt; 10 Mo devraient suffire).\u00a0<\/p>\t\t\t\t\t\t\t\t<\/div>\n\t\t\t\t<\/div>\n\t\t\t\t\t<\/div>\n\t\t<\/div>\n\t\t\t\t\t<\/div>\n\t\t<\/section>\n\t\t\t\t<section class=\"elementor-section elementor-top-section elementor-element elementor-element-ca5f1e2 elementor-section-boxed elementor-section-height-default elementor-section-height-default\" data-id=\"ca5f1e2\" data-element_type=\"section\">\n\t\t\t\t\t\t<div class=\"elementor-container elementor-column-gap-default\">\n\t\t\t\t\t<div class=\"elementor-column elementor-col-50 elementor-top-column elementor-element elementor-element-e894a46\" data-id=\"e894a46\" data-element_type=\"column\">\n\t\t\t<div class=\"elementor-widget-wrap elementor-element-populated\">\n\t\t\t\t\t\t<div class=\"elementor-element elementor-element-976d66d elementor-widget elementor-widget-image\" data-id=\"976d66d\" data-element_type=\"widget\" data-widget_type=\"image.default\">\n\t\t\t\t<div class=\"elementor-widget-container\">\n\t\t\t\t\t\t\t\t\t\t\t\t\t\t\t<img fetchpriority=\"high\" decoding=\"async\" width=\"212\" height=\"300\" src=\"https:\/\/www.stanhurr.co.uk\/wp-content\/uploads\/2019\/07\/domhurr-212x300.jpeg\" class=\"attachment-medium size-medium wp-image-1072\" alt=\"Reference Portrait Photograph\" srcset=\"https:\/\/www.stanhurr.co.uk\/wp-content\/uploads\/2019\/07\/domhurr-212x300.jpeg 212w, https:\/\/www.stanhurr.co.uk\/wp-content\/uploads\/2019\/07\/domhurr.jpeg 423w\" sizes=\"(max-width: 212px) 100vw, 212px\" \/>\t\t\t\t\t\t\t\t\t\t\t\t\t\t\t<\/div>\n\t\t\t\t<\/div>\n\t\t\t\t\t<\/div>\n\t\t<\/div>\n\t\t\t\t<div class=\"elementor-column elementor-col-50 elementor-top-column elementor-element elementor-element-3114a1e\" data-id=\"3114a1e\" data-element_type=\"column\">\n\t\t\t<div class=\"elementor-widget-wrap elementor-element-populated\">\n\t\t\t\t\t\t<div class=\"elementor-element elementor-element-87d639b elementor-widget elementor-widget-image\" data-id=\"87d639b\" data-element_type=\"widget\" data-widget_type=\"image.default\">\n\t\t\t\t<div class=\"elementor-widget-container\">\n\t\t\t\t\t\t\t\t\t\t\t\t\t\t\t<img decoding=\"async\" width=\"275\" height=\"183\" src=\"https:\/\/www.stanhurr.co.uk\/wp-content\/uploads\/2019\/07\/cat-example.jpg\" class=\"attachment-large size-large wp-image-963\" alt=\"Reference Cat Photograph\" \/>\t\t\t\t\t\t\t\t\t\t\t\t\t\t\t<\/div>\n\t\t\t\t<\/div>\n\t\t\t\t\t<\/div>\n\t\t<\/div>\n\t\t\t\t\t<\/div>\n\t\t<\/section>\n\t\t\t\t<section class=\"elementor-section elementor-top-section elementor-element elementor-element-51e4adc elementor-section-boxed elementor-section-height-default elementor-section-height-default\" data-id=\"51e4adc\" data-element_type=\"section\" data-settings=\"{&quot;background_background&quot;:&quot;classic&quot;}\">\n\t\t\t\t\t\t<div class=\"elementor-container elementor-column-gap-default\">\n\t\t\t\t\t<div class=\"elementor-column elementor-col-100 elementor-top-column elementor-element elementor-element-fee1a27\" data-id=\"fee1a27\" data-element_type=\"column\">\n\t\t\t<div class=\"elementor-widget-wrap elementor-element-populated\">\n\t\t\t\t\t\t<div class=\"elementor-element elementor-element-d2782cf elementor-widget elementor-widget-heading\" data-id=\"d2782cf\" data-element_type=\"widget\" data-widget_type=\"heading.default\">\n\t\t\t\t<div class=\"elementor-widget-container\">\n\t\t\t\t\t<h2 class=\"elementor-heading-title elementor-size-default\">Avez-vous essay\u00e9 le calculateur de prix ?<\/h2>\t\t\t\t<\/div>\n\t\t\t\t<\/div>\n\t\t\t\t<div class=\"elementor-element elementor-element-41196d8 elementor-widget elementor-widget-text-editor\" data-id=\"41196d8\" data-element_type=\"widget\" data-widget_type=\"text-editor.default\">\n\t\t\t\t<div class=\"elementor-widget-container\">\n\t\t\t\t\t\t\t\t\t<p>D\u00e9couvrez rapidement combien co\u00fbtera une \u0153uvre originale de Stan Hurr, avec la possibilit\u00e9 de payer en ligne, <a href=\"https:\/\/www.stanhurr.co.uk\/fr\/prices-order\/\">en cliquant ici<\/a>. Si l&#039;\u0153uvre d&#039;art que vous souhaitez commander n&#039;appara\u00eet pas dans les options du calculateur de prix, utilisez les d\u00e9tails ci-dessus pour entrer en contact avec Stan.<\/p>\t\t\t\t\t\t\t\t<\/div>\n\t\t\t\t<\/div>\n\t\t\t\t\t<\/div>\n\t\t<\/div>\n\t\t\t\t\t<\/div>\n\t\t<\/section>\n\t\t\t\t<\/div>","protected":false},"excerpt":{"rendered":"<p>T\u00e9l\u00e9phone et WhatsApp 07776 257628 Email \u2709\ufe0f stanhurr@gmail.comVeuillez noter que nous n&#039;envoyons pas d&#039;aper\u00e7us de photos en cours ou termin\u00e9es. Envoi de photos Avant d&#039;envoyer vos photos, utilisez le formulaire de commande pour envoyer votre commande et votre paiement. Envoyez ensuite vos photos en utilisant l&#039;une des m\u00e9thodes de contact ci-dessus. R\u00e9f\u00e9rencez le nom et l&#039;e-mail utilis\u00e9s lors de la commande\u2026 <a title=\"Contact\" class=\"read-more\" href=\"https:\/\/www.stanhurr.co.uk\/fr\/contact\/\">En savoir plus<\/a><\/p>","protected":false},"author":1,"featured_media":0,"parent":0,"menu_order":0,"comment_status":"closed","ping_status":"closed","template":"","meta":{"_seopress_robots_primary_cat":"","_seopress_titles_title":"Contact Me | UK Based Portrait Artist | Stan Hurr Portraits","_seopress_titles_desc":"Contact details for Stan Hurr, a UK based artist. Stan paints family portraits, pet portraits, caricatures and other subjects from his home studio. ","_seopress_robots_index":"","footnotes":""},"class_list":["post-219","page","type-page","status-publish"],"_links":{"self":[{"href":"https:\/\/www.stanhurr.co.uk\/fr\/wp-json\/wp\/v2\/pages\/219","targetHints":{"allow":["GET"]}}],"collection":[{"href":"https:\/\/www.stanhurr.co.uk\/fr\/wp-json\/wp\/v2\/pages"}],"about":[{"href":"https:\/\/www.stanhurr.co.uk\/fr\/wp-json\/wp\/v2\/types\/page"}],"author":[{"embeddable":true,"href":"https:\/\/www.stanhurr.co.uk\/fr\/wp-json\/wp\/v2\/users\/1"}],"replies":[{"embeddable":true,"href":"https:\/\/www.stanhurr.co.uk\/fr\/wp-json\/wp\/v2\/comments?post=219"}],"version-history":[{"count":19,"href":"https:\/\/www.stanhurr.co.uk\/fr\/wp-json\/wp\/v2\/pages\/219\/revisions"}],"predecessor-version":[{"id":31624,"href":"https:\/\/www.stanhurr.co.uk\/fr\/wp-json\/wp\/v2\/pages\/219\/revisions\/31624"}],"wp:attachment":[{"href":"https:\/\/www.stanhurr.co.uk\/fr\/wp-json\/wp\/v2\/media?parent=219"}],"curies":[{"name":"wp","href":"https:\/\/api.w.org\/{rel}","templated":true}]}}