{"id":1168,"date":"2019-09-04T14:40:32","date_gmt":"2019-09-04T14:40:32","guid":{"rendered":"https:\/\/www.stanhurr.co.uk\/?page_id=1168"},"modified":"2025-10-20T10:44:37","modified_gmt":"2025-10-20T10:44:37","slug":"links","status":"publish","type":"page","link":"https:\/\/www.stanhurr.co.uk\/fr\/links\/","title":{"rendered":"Liens"},"content":{"rendered":"<div data-elementor-type=\"wp-post\" data-elementor-id=\"1168\" class=\"elementor elementor-1168\" data-elementor-post-type=\"page\">\n\t\t\t\t\t\t<section class=\"elementor-section elementor-top-section elementor-element elementor-element-326b3a5 elementor-section-boxed elementor-section-height-default elementor-section-height-default\" data-id=\"326b3a5\" data-element_type=\"section\">\n\t\t\t\t\t\t<div class=\"elementor-container elementor-column-gap-default\">\n\t\t\t\t\t<div class=\"elementor-column elementor-col-100 elementor-top-column elementor-element elementor-element-ee0689e\" data-id=\"ee0689e\" data-element_type=\"column\">\n\t\t\t<div class=\"elementor-widget-wrap elementor-element-populated\">\n\t\t\t\t\t\t<div class=\"elementor-element elementor-element-17b55b9 elementor-widget elementor-widget-heading\" data-id=\"17b55b9\" data-element_type=\"widget\" data-widget_type=\"heading.default\">\n\t\t\t\t<div class=\"elementor-widget-container\">\n\t\t\t\t\t<h1 class=\"elementor-heading-title elementor-size-default\">Liens<\/h1>\t\t\t\t<\/div>\n\t\t\t\t<\/div>\n\t\t\t\t<div class=\"elementor-element elementor-element-c2a99bc elementor-widget elementor-widget-text-editor\" data-id=\"c2a99bc\" data-element_type=\"widget\" data-widget_type=\"text-editor.default\">\n\t\t\t\t<div class=\"elementor-widget-container\">\n\t\t\t\t\t\t\t\t\t<p><a href=\"https:\/\/www.pastelpetportraits.co.uk\" target=\"_blank\" rel=\"noopener\">Portraits d&#039;animaux au pastel<\/a> \u2013 portraits d&#039;animaux par Lorraine Gray<\/p><ul><li><a href=\"https:\/\/k9weddings.co.uk\/\" target=\"_blank\" rel=\"noopener\">Mariages K9<\/a>\u00a0\u2013 Service d\u2019accompagnement de chien pour mariage<\/li><li><a href=\"https:\/\/www.northamptondogwalker.co.uk\" target=\"_blank\" rel=\"noopener\">Promeneur de chiens de Northampton<\/a> \u2013 promener son chien \u00e0 Northampton<\/li><li><a href=\"https:\/\/www.petsa2b.co.uk\/\" target=\"_blank\" rel=\"noopener\">AnimauxA2B<\/a> \u2013 Service de transport d&#039;animaux de compagnie au Royaume-Uni<\/li><li><a href=\"http:\/\/www.abovetime.co.uk\/\" target=\"_blank\" rel=\"noopener\">R\u00e9pertori\u00e9 dans AboveTime<\/a><\/li><li><a href=\"https:\/\/www.dogwalkingbedford.co.uk\/\" target=\"_blank\" rel=\"noopener\">Promeneur de chien Bedford<\/a> \u2013 services pour animaux de compagnie \u00e0 Bedford<\/li><li><a href=\"https:\/\/www.knowledogwalker.co.uk\/\" target=\"_blank\" rel=\"noopener\">Promeneur de chien Knowle<\/a> \u2013 Services pour animaux de compagnie couvrant Knowle, Bentley Heath et Dorridge<\/li><li><a href=\"https:\/\/www.woofwoofwalkies.com\/\" target=\"_blank\" rel=\"noopener\">Walkies Woof Woof<\/a> \u2013 Services pour animaux de compagnie \u00e0 Ayr, en \u00c9cosse<\/li><li><a href=\"https:\/\/angelandrubipetcare.co.uk\/\" target=\"_blank\" rel=\"noopener\">Soins pour animaux Angel &amp; Rubi\u00a0<\/a>\u2013 Services pour animaux de compagnie \u00e0 Manchester<\/li><li><a href=\"https:\/\/www.woofwoofweddings.co.uk\/\" target=\"_blank\" rel=\"noopener\">Woof Woof Mariages<\/a> \u2013 Service de chaperon pour animaux de compagnie pour les mariages<\/li><li>Estimation d&#039;\u0153uvres d&#039;art, prix d&#039;art \u2013 Recherche gratuite Cliquez ici : <a href=\"http:\/\/www.findartinfo.com\" target=\"_blank\" rel=\"noopener\">Prix des ench\u00e8res gratuites. Signatures et monogrammes.<\/a><\/li><li><a href=\"https:\/\/tekenen.uwpagina.nl\/\" target=\"_blank\" rel=\"noopener\">Tekenen<\/a><\/li><li><a href=\"https:\/\/www.dogs4walks.co.uk\/\" target=\"_blank\" rel=\"noopener\">Dogs4Walks \u2013 Promeneur de chiens \u00e0 Sal\u00e9<\/a><\/li><li><a href=\"https:\/\/www.sleddogcentral.com\/\" target=\"_blank\" rel=\"noopener\">Centre de chiens de tra\u00eeneau<\/a><\/li><li><a href=\"http:\/\/www.gallery-worldwide.com\/\" target=\"_blank\" rel=\"noopener\">Art Gallery Worldwide - peintures \u00e0 l&#039;huile d&#039;art<\/a><\/li><li><a href=\"https:\/\/www.uklistings.org\/\" target=\"_blank\" rel=\"noopener\">Inscriptions au Royaume-Uni<\/a><\/li><li><a href=\"https:\/\/amandaspawpals-salisbury.co.uk\/\" target=\"_blank\" rel=\"noopener\">Les copains d&#039;Amanda \u00e0 Salisbury<\/a>\u00a0\u2013 Services pour animaux de compagnie \u00e0 Salibury<\/li><li><a href=\"https:\/\/www.premiumdogwalkers.co.uk\/\" target=\"_blank\" rel=\"noopener\">Promeneurs de chiens haut de gamme<\/a>\u00a0\u2013 Services pour animaux de compagnie \u00e0 Northampton<\/li><li><a href=\"https:\/\/www.meowmewscattery.co.uk\" target=\"_blank\" rel=\"noopener\">Chatterie Meow Mews dans l&#039;Ayrshire<\/a><\/li><li><a href=\"https:\/\/www.pontk9.co.uk\" target=\"_blank\" rel=\"noopener\">PontK9 \u2013 Services pour animaux de compagnie \u00e0 Cardiff<\/a><\/li><li><a href=\"https:\/\/www.porterspawpatrol.co.uk\" target=\"_blank\" rel=\"noopener\">Porter&#039;s Paw Patrol \u2013 Services pour animaux de compagnie \u00e0 Market Harborough<\/a><\/li><\/ul>\t\t\t\t\t\t\t\t<\/div>\n\t\t\t\t<\/div>\n\t\t\t\t\t<\/div>\n\t\t<\/div>\n\t\t\t\t\t<\/div>\n\t\t<\/section>\n\t\t\t\t<\/div>","protected":false},"excerpt":{"rendered":"<p>Liens Portraits d&#039;animaux pastel \u2013 portraits d&#039;animaux par Lorraine Gray Mariages avec chiens \u2013 service d&#039;accompagnement de chiens pour les mariages Promeneur de chiens \u00e0 Northampton \u2013 promenades de chiens \u00e0 Northampton PetsA2B \u2013 service de transport d&#039;animaux au Royaume-Uni R\u00e9f\u00e9renc\u00e9 dans AboveTime Promeneur de chiens \u00e0 Bedford \u2013 services pour animaux de compagnie \u00e0 Bedford Promeneur de chiens \u00e0 Knowle \u2013 services pour animaux de compagnie couvrant Knowle, Bentley Heath et Dorridge Woof Woof \u2026 <a title=\"Liens\" class=\"read-more\" href=\"https:\/\/www.stanhurr.co.uk\/fr\/links\/\">En savoir plus<\/a><\/p>","protected":false},"author":1,"featured_media":0,"parent":0,"menu_order":0,"comment_status":"closed","ping_status":"closed","template":"","meta":{"_seopress_robots_primary_cat":"","_seopress_titles_title":"Links Page | Stan Hurr Portraits | UK Portrait Artist","_seopress_titles_desc":"I am happy to exchange links with other relevant websites. Feel free to contact me if you have a relevant website and are looking to swap links. ","_seopress_robots_index":"","footnotes":""},"class_list":["post-1168","page","type-page","status-publish"],"_links":{"self":[{"href":"https:\/\/www.stanhurr.co.uk\/fr\/wp-json\/wp\/v2\/pages\/1168","targetHints":{"allow":["GET"]}}],"collection":[{"href":"https:\/\/www.stanhurr.co.uk\/fr\/wp-json\/wp\/v2\/pages"}],"about":[{"href":"https:\/\/www.stanhurr.co.uk\/fr\/wp-json\/wp\/v2\/types\/page"}],"author":[{"embeddable":true,"href":"https:\/\/www.stanhurr.co.uk\/fr\/wp-json\/wp\/v2\/users\/1"}],"replies":[{"embeddable":true,"href":"https:\/\/www.stanhurr.co.uk\/fr\/wp-json\/wp\/v2\/comments?post=1168"}],"version-history":[{"count":37,"href":"https:\/\/www.stanhurr.co.uk\/fr\/wp-json\/wp\/v2\/pages\/1168\/revisions"}],"predecessor-version":[{"id":107873,"href":"https:\/\/www.stanhurr.co.uk\/fr\/wp-json\/wp\/v2\/pages\/1168\/revisions\/107873"}],"wp:attachment":[{"href":"https:\/\/www.stanhurr.co.uk\/fr\/wp-json\/wp\/v2\/media?parent=1168"}],"curies":[{"name":"wp","href":"https:\/\/api.w.org\/{rel}","templated":true}]}}